{"id":779,"date":"2020-03-16T14:12:38","date_gmt":"2020-03-16T13:12:38","guid":{"rendered":"http:\/\/gavarnie-ensemble.com\/?page_id=779"},"modified":"2026-01-05T17:35:12","modified_gmt":"2026-01-05T16:35:12","slug":"ana-mainer-martin-flute","status":"publish","type":"page","link":"https:\/\/gavarnie-ensemble.com\/fr\/ana-mainer-martin-flute\/","title":{"rendered":"Ana Mainer Mart\u00edn, fl\u00fbte et arrangements musicaux"},"content":{"rendered":"<p>[et_pb_section fb_built=\u00a0\u00bb1&Prime; _builder_version=\u00a0\u00bb4.16&Prime; min_height=\u00a0\u00bb974px\u00a0\u00bb custom_margin=\u00a0\u00bb4%||4.5%||false|false\u00a0\u00bb custom_padding=\u00a0\u00bb0px||0px||false|false\u00a0\u00bb global_colors_info=\u00a0\u00bb{}\u00a0\u00bb][et_pb_row custom_padding_last_edited=\u00a0\u00bbon|desktop\u00a0\u00bb _builder_version=\u00a0\u00bb4.16&Prime; width=\u00a0\u00bb100%\u00a0\u00bb max_width=\u00a0\u00bb70%\u00a0\u00bb max_width_tablet=\u00a0\u00bb\u00a0\u00bb max_width_phone=\u00a0\u00bb100%\u00a0\u00bb max_width_last_edited=\u00a0\u00bbon|desktop\u00a0\u00bb custom_margin=\u00a0\u00bb2%|0px||auto|false|false\u00a0\u00bb custom_margin_tablet=\u00a0\u00bb\u00a0\u00bb custom_margin_phone=\u00a0\u00bb|||20%|false|false\u00a0\u00bb custom_margin_last_edited=\u00a0\u00bbon|desktop\u00a0\u00bb custom_padding=\u00a0\u00bb|25%|||false|false\u00a0\u00bb custom_padding_tablet=\u00a0\u00bb\u00a0\u00bb custom_padding_phone=\u00a0\u00bb|5%|||false|false\u00a0\u00bb border_width_bottom=\u00a0\u00bb20px\u00a0\u00bb border_color_bottom=\u00a0\u00bb#37407b\u00a0\u00bb global_colors_info=\u00a0\u00bb{}\u00a0\u00bb][et_pb_column type=\u00a0\u00bb4_4&Prime; _builder_version=\u00a0\u00bb4.16&Prime; global_colors_info=\u00a0\u00bb{}\u00a0\u00bb][et_pb_text _builder_version=\u00a0\u00bb4.27.4&Prime; custom_margin=\u00a0\u00bb||1%||false|false\u00a0\u00bb global_colors_info=\u00a0\u00bb{}\u00a0\u00bb]<\/p>\n<h3>ANA MAINER MART\u00cdN, fl\u00fbte et arrangements musicaux<\/h3>\n<p>[\/et_pb_text][\/et_pb_column][\/et_pb_row][et_pb_row column_structure=\u00a0\u00bb1_2,1_2&Prime; custom_padding_last_edited=\u00a0\u00bbon|desktop\u00a0\u00bb _builder_version=\u00a0\u00bb4.16&Prime; width=\u00a0\u00bb100%\u00a0\u00bb max_width=\u00a0\u00bb70%\u00a0\u00bb custom_margin=\u00a0\u00bb|0px||auto|false|false\u00a0\u00bb custom_margin_tablet=\u00a0\u00bb\u00a0\u00bb custom_margin_phone=\u00a0\u00bb|||20%|false|false\u00a0\u00bb custom_margin_last_edited=\u00a0\u00bbon|desktop\u00a0\u00bb custom_padding=\u00a0\u00bb|20%|0px||false|false\u00a0\u00bb custom_padding_tablet=\u00a0\u00bb\u00a0\u00bb custom_padding_phone=\u00a0\u00bb|10%|||false|false\u00a0\u00bb border_color_bottom=\u00a0\u00bbrgba(0,0,0,0)\u00a0\u00bb collapsed=\u00a0\u00bboff\u00a0\u00bb global_colors_info=\u00a0\u00bb{}\u00a0\u00bb][et_pb_column type=\u00a0\u00bb1_2&Prime; _builder_version=\u00a0\u00bb4.16&Prime; global_colors_info=\u00a0\u00bb{}\u00a0\u00bb][et_pb_code _builder_version=\u00a0\u00bb4.16&Prime; global_colors_info=\u00a0\u00bb{}\u00a0\u00bb]\n\t\t\t<!-- START AMM REVOLUTION SLIDER 6.7.18 --><p class=\"rs-p-wp-fix\"><\/p>\n\t\t\t<rs-module-wrap id=\"rev_slider_8_1_wrapper\" data-source=\"gallery\" style=\"visibility:hidden;background:transparent;padding:0;margin:0px auto;margin-top:0;margin-bottom:0;\">\n\t\t\t\t<rs-module id=\"rev_slider_8_1\" style=\"\" data-version=\"6.7.18\">\n\t\t\t\t\t<rs-slides style=\"overflow: hidden; position: absolute;\">\n\t\t\t\t\t\t<rs-slide style=\"position: absolute;\" data-key=\"rs-15\" data-title=\"Slide\" data-thumb=\"\/\/gavarnie-ensemble.com\/wp-content\/uploads\/2021\/05\/ana03-100x50.jpg\" data-anim=\"adpr:false;\">\n\t\t\t\t\t\t\t<img decoding=\"async\" src=\"\/\/gavarnie-ensemble.com\/wp-content\/plugins\/revslider\/sr6\/assets\/assets\/dummy.png\" alt=\"\" title=\"Ana Mainer Mart\u00edn, fl\u00fbte et arrangements musicaux\" class=\"rev-slidebg tp-rs-img rs-lazyload\" data-lazyload=\"\/\/gavarnie-ensemble.com\/wp-content\/uploads\/2021\/05\/ana03.jpg\" data-no-retina>\n<!---->\t\t\t\t\t<\/rs-slide>\n\t\t\t\t\t\t<rs-slide style=\"position: absolute;\" data-key=\"rs-16\" data-title=\"Slide\" data-thumb=\"\/\/gavarnie-ensemble.com\/wp-content\/uploads\/2022\/10\/A-100x50.jpg\" data-anim=\"adpr:false;\">\n\t\t\t\t\t\t\t<img decoding=\"async\" src=\"\/\/gavarnie-ensemble.com\/wp-content\/plugins\/revslider\/sr6\/assets\/assets\/dummy.png\" alt=\"\" title=\"Ana Mainer Mart\u00edn, fl\u00fbte et arrangements musicaux\" class=\"rev-slidebg tp-rs-img rs-lazyload\" data-lazyload=\"\/\/gavarnie-ensemble.com\/wp-content\/uploads\/2022\/10\/A.jpg\" data-no-retina>\n<!---->\t\t\t\t\t<\/rs-slide>\n\t\t\t\t\t<\/rs-slides>\n\t\t\t\t<\/rs-module>\n\t\t\t\t<script>\n\t\t\t\t\tsetREVStartSize({c: 'rev_slider_8_1',rl:[1240,1024,778,480],el:[],gw:[868],gh:[1240],type:'standard',justify:'',layout:'fullwidth',mh:\"0\"});if (window.RS_MODULES!==undefined && window.RS_MODULES.modules!==undefined && window.RS_MODULES.modules[\"revslider81\"]!==undefined) {window.RS_MODULES.modules[\"revslider81\"].once = false;window.revapi8 = undefined;if (window.RS_MODULES.checkMinimal!==undefined) window.RS_MODULES.checkMinimal()}\n\t\t\t\t<\/script>\n\t\t\t<\/rs-module-wrap>\n\t\t\t<!-- END REVOLUTION SLIDER -->\n[\/et_pb_code][\/et_pb_column][et_pb_column type=\u00a0\u00bb1_2&Prime; _builder_version=\u00a0\u00bb4.16&Prime; global_colors_info=\u00a0\u00bb{}\u00a0\u00bb][et_pb_text _builder_version=\u00a0\u00bb4.27.4&Prime; width=\u00a0\u00bb100%\u00a0\u00bb custom_margin=\u00a0\u00bb|-3px||-3px||true\u00a0\u00bb custom_padding=\u00a0\u00bb|0px||||\u00a0\u00bb global_colors_info=\u00a0\u00bb{}\u00a0\u00bb]<\/p>\n<p>Form\u00e9e d\u2019abord au Conservatorio Superior de M\u00fasica de Arag\u00f3n (Espagne), Ana est titulaire d\u2019un Master of Arts (MA) of Music \u2013 Fl\u00fbte dans la classe de Carlos Bruneel au Koninklijk Conservatorium Brussel (Belgique). Elle collabore avec plusieurs ensembles et orchestres en France et en Espagne, dont <span>l\u2019Orchestre Divertimento, Association Kiosque \u00e0 Musique, <\/span>Orquesta Cl\u00e1sica Santa Cecilia Fundaci\u00f3n Excelentia, l\u2019Orquesta Ciudad de Granada, Ensemble \u00c9coute, Ensemble D\u2019Cyb\u00e8les, Quatuor Sorella &amp; Emmanuel Rossfelder\u2026<\/p>\n<div>\n<p>Ana a suivi des cours de danse et de th\u00e9\u00e2tre, ce qui lui a permis d\u2019\u00e9largir ses horizons artistiques et d\u2019int\u00e9grer de nouveaux \u00e9l\u00e9ments dans la conception de projets artistiques pluridisciplinaires. Dans ce cadre, elle co-fonde Gavarnie Ensemble en 2017, ensemble de musique de chambre \u00e9clectique duquel elle est directrice artistique. En 2024 Gavarnie Ensemble publie son album <em>Si Fou Mi !<\/em><\/p>\n<p>Titulaire d\u2019un Master Musique et Musicologie (Universit\u00e9 Paris-Sorbonne) et du Dipl\u00f4me d\u2019\u00c9tat, Ana enseigne son instrument dans le CRD Niedermeyer d\u2019Issy-les-Moulineaux et dans la Philharmonie de Paris dans le cadre des ateliers de pratique musicale.<\/p>\n<p>&nbsp;<\/p>\n<\/div>\n<div><em>Mis \u00e0 jour en juillet 2025<\/em><\/div>\n<p>[\/et_pb_text][\/et_pb_column][\/et_pb_row][\/et_pb_section][et_pb_section fb_built=\u00a0\u00bb1&Prime; _builder_version=\u00a0\u00bb4.16&Prime; background_color=\u00a0\u00bbrgba(0,0,0,0)\u00a0\u00bb width=\u00a0\u00bb90%\u00a0\u00bb max_width=\u00a0\u00bb100%\u00a0\u00bb module_alignment=\u00a0\u00bbright\u00a0\u00bb custom_margin=\u00a0\u00bb||-33px||false|false\u00a0\u00bb custom_padding=\u00a0\u00bb4.6%||||false|false\u00a0\u00bb border_width_top=\u00a0\u00bb4px\u00a0\u00bb border_color_top=\u00a0\u00bb#e7ac52&Prime; global_module=\u00a0\u00bb837&Prime; saved_tabs=\u00a0\u00bball\u00a0\u00bb global_colors_info=\u00a0\u00bb{}\u00a0\u00bb][et_pb_row column_structure=\u00a0\u00bb1_4,1_4,1_4,1_4&Prime; _builder_version=\u00a0\u00bb4.27.4&Prime; width=\u00a0\u00bb100%\u00a0\u00bb max_width=\u00a0\u00bb100%\u00a0\u00bb custom_margin=\u00a0\u00bb10px||||false|false\u00a0\u00bb custom_padding=\u00a0\u00bb0px|40px||||\u00a0\u00bb collapsed=\u00a0\u00bboff\u00a0\u00bb global_colors_info=\u00a0\u00bb{}\u00a0\u00bb][et_pb_column type=\u00a0\u00bb1_4&Prime; _builder_version=\u00a0\u00bb4.16&Prime; global_colors_info=\u00a0\u00bb{}\u00a0\u00bb][et_pb_text _builder_version=\u00a0\u00bb4.27.4&Prime; text_font_size=\u00a0\u00bb12px\u00a0\u00bb header_3_font_size=\u00a0\u00bb14px\u00a0\u00bb global_colors_info=\u00a0\u00bb{}\u00a0\u00bb]<\/p>\n<h3><span style=\"color: #000000;\"><strong>Contact<\/strong><\/span><\/h3>\n<p>&nbsp;<\/p>\n<p><span style=\"color: #000000;\">GAVARNIE ENSEMBLE<\/span><br \/><span style=\"color: #000000;\">19 rue Ternaux<\/span><br \/><span style=\"color: #000000;\">75011 Paris (France)<\/span><br \/><span style=\"color: #333333;\"><a style=\"color: #333333;\" href=\"gavarnie.ensemble@gmail.com\">gavarnie.ensemble@gmail.com<\/a><\/span><\/p>\n<p><span style=\"color: #000000;\">PRODUCTION<\/span><br \/><span style=\"color: #333333;\"><a style=\"color: #333333;\" href=\"production.gavarnie.ensemble@gmail.com\">production.gavarnie.ensemble@gmail.com<\/a><\/span><\/p>\n<p><span style=\"color: #000000;\">DIRECTION ARTISTIQUE<\/span><br \/><span style=\"color: #000000;\">Ana Mainer Mart\u00edn \u00b7 Carmen Mainer Mart\u00edn<\/span><br \/><span style=\"color: #333333;\"><a style=\"color: #333333;\" href=\"production.gavarnie.ensemble@gmail.com\">production.gavarnie.ensemble@gmail.com<\/a><\/span><\/p>\n<h3>\u00a0<\/h3>\n<p>&nbsp;<\/p>\n<h3><span style=\"color: #000000;\"><strong>R\u00e9seaux sociaux<\/strong><\/span><\/h3>\n<p>&nbsp;<\/p>\n<p><span style=\"color: #333333;\"><a style=\"color: #333333;\" href=\"https:\/\/www.facebook.com\/gavarnieensemble\/\" target=\"_blank\" rel=\"noopener noreferrer\">Facebook<\/a><\/span><\/p>\n<p><span style=\"color: #333333;\"><a style=\"color: #333333;\" href=\"https:\/\/soundcloud.com\/gavarnie-ensemble\" target=\"_blank\" rel=\"noopener noreferrer\">Soundcloud<\/a><\/span><\/p>\n<p><span style=\"color: #333333;\"><a style=\"color: #333333;\" href=\"https:\/\/www.youtube.com\/channel\/UCdVHMCeONq3cc6S8354APbg\" target=\"_blank\" rel=\"noopener noreferrer\">Youtube<\/a><\/span><\/p>\n<p><span style=\"color: #333333;\"><a style=\"color: #333333;\" href=\"https:\/\/www.instagram.com\/gavarnie_ensemble\/\" target=\"_blank\" rel=\"noopener noreferrer\">Instagram<\/a><\/span><\/p>\n<p>[\/et_pb_text][\/et_pb_column][et_pb_column type=\u00a0\u00bb1_4&Prime; _builder_version=\u00a0\u00bb4.16&Prime; global_colors_info=\u00a0\u00bb{}\u00a0\u00bb][et_pb_text _builder_version=\u00a0\u00bb4.20.0&Prime; custom_margin=\u00a0\u00bb||4%||false|false\u00a0\u00bb custom_padding=\u00a0\u00bb||||false|false\u00a0\u00bb global_colors_info=\u00a0\u00bb{}\u00a0\u00bb]<\/p>\n<p><strong><span style=\"color: #0c0c0c;\">Nos partenaires<\/span><\/strong><\/p>\n<p>[\/et_pb_text][et_pb_image src=\u00a0\u00bbhttp:\/\/gavarnie-ensemble.com\/wp-content\/uploads\/2020\/03\/Logo-DRAC.png\u00a0\u00bb title_text=\u00a0\u00bbLogo DRAC\u00a0\u00bb _builder_version=\u00a0\u00bb4.20.0&Prime; _module_preset=\u00a0\u00bbdefault\u00a0\u00bb width=\u00a0\u00bb52%\u00a0\u00bb custom_margin=\u00a0\u00bb||20px||false|false\u00a0\u00bb global_colors_info=\u00a0\u00bb{}\u00a0\u00bb][\/et_pb_image][et_pb_image src=\u00a0\u00bbhttp:\/\/gavarnie-ensemble.com\/wp-content\/uploads\/2021\/08\/mairie-de-paris.png\u00a0\u00bb title_text=\u00a0\u00bbmairie de paris\u00a0\u00bb show_bottom_space=\u00a0\u00bboff\u00a0\u00bb _builder_version=\u00a0\u00bb4.20.0&Prime; width=\u00a0\u00bb60px\u00a0\u00bb custom_margin=\u00a0\u00bb8%||15%||false|false\u00a0\u00bb global_colors_info=\u00a0\u00bb{}\u00a0\u00bb][\/et_pb_image][et_pb_image src=\u00a0\u00bbhttp:\/\/gavarnie-ensemble.com\/wp-content\/uploads\/2021\/08\/FCM-centre-nationla-de-la-musique.png\u00a0\u00bb title_text=\u00a0\u00bbFCM centre nationla de la musique\u00a0\u00bb _builder_version=\u00a0\u00bb4.20.0&Prime; width=\u00a0\u00bb55%\u00a0\u00bb custom_margin=\u00a0\u00bb||20px||false|false\u00a0\u00bb global_colors_info=\u00a0\u00bb{}\u00a0\u00bb][\/et_pb_image][et_pb_image src=\u00a0\u00bbhttp:\/\/gavarnie-ensemble.com\/wp-content\/uploads\/2021\/08\/grand-orly-seine-et-bievre.png\u00a0\u00bb title_text=\u00a0\u00bbgrand orly seine et bievre\u00a0\u00bb _builder_version=\u00a0\u00bb4.16&Prime; width=\u00a0\u00bb40%\u00a0\u00bb hover_enabled=\u00a0\u00bb0&Prime; global_colors_info=\u00a0\u00bb{}\u00a0\u00bb sticky_enabled=\u00a0\u00bb0&Prime;][\/et_pb_image][et_pb_image _builder_version=\u00a0\u00bb4.27.5&Prime; _module_preset=\u00a0\u00bbdefault\u00a0\u00bb title_text=\u00a0\u00bblogo-fonds-noir\u00a0\u00bb src=\u00a0\u00bbhttps:\/\/gavarnie-ensemble.com\/wp-content\/uploads\/2025\/11\/logo-fonds-noir.png\u00a0\u00bb hover_enabled=\u00a0\u00bb0&Prime; sticky_enabled=\u00a0\u00bb0&Prime;][\/et_pb_image][\/et_pb_column][et_pb_column type=\u00a0\u00bb1_4&Prime; _builder_version=\u00a0\u00bb4.16&Prime; global_colors_info=\u00a0\u00bb{}\u00a0\u00bb][et_pb_image src=\u00a0\u00bbhttp:\/\/gavarnie-ensemble.com\/wp-content\/uploads\/2020\/05\/2019-logo-Sacem-300&#215;148-1.png\u00a0\u00bb _builder_version=\u00a0\u00bb4.20.0&Prime; width=\u00a0\u00bb40%\u00a0\u00bb custom_margin=\u00a0\u00bb||20px||false|false\u00a0\u00bb global_colors_info=\u00a0\u00bb{}\u00a0\u00bb][\/et_pb_image][et_pb_image src=\u00a0\u00bbhttp:\/\/gavarnie-ensemble.com\/wp-content\/uploads\/2021\/08\/mise-en-oeuvres.jpeg\u00a0\u00bb title_text=\u00a0\u00bbmise en oeuvres\u00a0\u00bb _builder_version=\u00a0\u00bb4.20.0&Prime; width=\u00a0\u00bb50%\u00a0\u00bb custom_margin=\u00a0\u00bb||20px||false|false\u00a0\u00bb global_colors_info=\u00a0\u00bb{}\u00a0\u00bb][\/et_pb_image][et_pb_image src=\u00a0\u00bbhttp:\/\/gavarnie-ensemble.com\/wp-content\/uploads\/2021\/08\/maison-musique-contemporaine.png\u00a0\u00bb title_text=\u00a0\u00bbmaison musique contemporaine\u00a0\u00bb url=\u00a0\u00bbhttps:\/\/musiquecontemporaine.org\u00a0\u00bb url_new_window=\u00a0\u00bbon\u00a0\u00bb _builder_version=\u00a0\u00bb4.21.0&Prime; width=\u00a0\u00bb35%\u00a0\u00bb custom_margin=\u00a0\u00bb||20px||false|false\u00a0\u00bb global_colors_info=\u00a0\u00bb{}\u00a0\u00bb][\/et_pb_image][et_pb_image src=\u00a0\u00bbhttp:\/\/gavarnie-ensemble.com\/wp-content\/uploads\/2020\/03\/marly-le-roi.jpg\u00a0\u00bb title_text=\u00a0\u00bbmarly-le-roi\u00a0\u00bb _builder_version=\u00a0\u00bb4.27.4&Prime; _module_preset=\u00a0\u00bbdefault\u00a0\u00bb width=\u00a0\u00bb60%\u00a0\u00bb custom_margin=\u00a0\u00bb||9px||false|false\u00a0\u00bb custom_padding=\u00a0\u00bb||0px|||\u00a0\u00bb global_colors_info=\u00a0\u00bb{}\u00a0\u00bb][\/et_pb_image][et_pb_image src=\u00a0\u00bbhttp:\/\/gavarnie-ensemble.com\/wp-content\/uploads\/2020\/03\/Vallee_Sud_Grand_Paris_Logo.jpg\u00a0\u00bb title_text=\u00a0\u00bbVallee_Sud_Grand_Paris_Logo\u00a0\u00bb _builder_version=\u00a0\u00bb4.27.4&Prime; _module_preset=\u00a0\u00bbdefault\u00a0\u00bb width=\u00a0\u00bb30%\u00a0\u00bb custom_margin=\u00a0\u00bb||11px|||\u00a0\u00bb global_colors_info=\u00a0\u00bb{}\u00a0\u00bb][\/et_pb_image][et_pb_image src=\u00a0\u00bbhttp:\/\/gavarnie-ensemble.com\/wp-content\/uploads\/2020\/03\/horizontal_rouge-scaled.png\u00a0\u00bb title_text=\u00a0\u00bbhorizontal_rouge\u00a0\u00bb _builder_version=\u00a0\u00bb4.27.4&Prime; _module_preset=\u00a0\u00bbdefault\u00a0\u00bb width=\u00a0\u00bb46%\u00a0\u00bb global_colors_info=\u00a0\u00bb{}\u00a0\u00bb][\/et_pb_image][\/et_pb_column][et_pb_column type=\u00a0\u00bb1_4&Prime; _builder_version=\u00a0\u00bb4.16&Prime; global_colors_info=\u00a0\u00bb{}\u00a0\u00bb][et_pb_image src=\u00a0\u00bbhttp:\/\/gavarnie-ensemble.com\/wp-content\/uploads\/2020\/03\/Logo-Academie-Villecroze.png\u00a0\u00bb title_text=\u00a0\u00bbLogo Acad\u00e9mie Villecroze\u00a0\u00bb _builder_version=\u00a0\u00bb4.20.0&Prime; _module_preset=\u00a0\u00bbdefault\u00a0\u00bb width=\u00a0\u00bb35%\u00a0\u00bb custom_margin=\u00a0\u00bb||20px||false|false\u00a0\u00bb global_colors_info=\u00a0\u00bb{}\u00a0\u00bb][\/et_pb_image][et_pb_image src=\u00a0\u00bbhttp:\/\/gavarnie-ensemble.com\/wp-content\/uploads\/2021\/08\/raviv.png\u00a0\u00bb title_text=\u00a0\u00bbraviv\u00a0\u00bb _builder_version=\u00a0\u00bb4.20.0&Prime; width=\u00a0\u00bb40%\u00a0\u00bb custom_margin=\u00a0\u00bb||20px||false|false\u00a0\u00bb global_colors_info=\u00a0\u00bb{}\u00a0\u00bb][\/et_pb_image][et_pb_image src=\u00a0\u00bbhttp:\/\/gavarnie-ensemble.com\/wp-content\/uploads\/2020\/03\/Logo-Cite-des-Arts.png\u00a0\u00bb title_text=\u00a0\u00bbLogo Cit\u00e9 des Arts\u00a0\u00bb _builder_version=\u00a0\u00bb4.20.0&Prime; width=\u00a0\u00bb40%\u00a0\u00bb custom_margin=\u00a0\u00bb||20px||false|false\u00a0\u00bb global_colors_info=\u00a0\u00bb{}\u00a0\u00bb][\/et_pb_image][et_pb_image src=\u00a0\u00bbhttp:\/\/gavarnie-ensemble.com\/wp-content\/uploads\/2021\/08\/college-contemporain.png\u00a0\u00bb title_text=\u00a0\u00bbcollege contemporain\u00a0\u00bb _builder_version=\u00a0\u00bb4.16&Prime; width=\u00a0\u00bb65%\u00a0\u00bb custom_margin=\u00a0\u00bb||0px|||\u00a0\u00bb global_colors_info=\u00a0\u00bb{}\u00a0\u00bb][\/et_pb_image][et_pb_image src=\u00a0\u00bbhttp:\/\/gavarnie-ensemble.com\/wp-content\/uploads\/2020\/03\/images.png\u00a0\u00bb title_text=\u00a0\u00bbimages\u00a0\u00bb _builder_version=\u00a0\u00bb4.25.1&Prime; _module_preset=\u00a0\u00bbdefault\u00a0\u00bb width=\u00a0\u00bb40%\u00a0\u00bb global_colors_info=\u00a0\u00bb{}\u00a0\u00bb][\/et_pb_image][et_pb_image src=\u00a0\u00bbhttp:\/\/gavarnie-ensemble.com\/wp-content\/uploads\/2020\/03\/SPEDIDAM-LOGO-2017.png\u00a0\u00bb title_text=\u00a0\u00bbSPEDIDAM-LOGO-2017&Prime; _builder_version=\u00a0\u00bb4.27.4&Prime; _module_preset=\u00a0\u00bbdefault\u00a0\u00bb width=\u00a0\u00bb40%\u00a0\u00bb global_colors_info=\u00a0\u00bb{}\u00a0\u00bb][\/et_pb_image][\/et_pb_column][\/et_pb_row][\/et_pb_section]<\/p>\n","protected":false},"excerpt":{"rendered":"<p>ANA MAINER MART\u00cdN, fl\u00fbte et arrangements musicaux\n\t\t\t<!-- START AMM REVOLUTION SLIDER 6.7.18 --><p class=\"rs-p-wp-fix\"><\/p>\n\t\t\t<rs-module-wrap id=\"rev_slider_8_2_wrapper\" data-source=\"gallery\" style=\"visibility:hidden;background:transparent;padding:0;margin:0px auto;margin-top:0;margin-bottom:0;\">\n\t\t\t\t<rs-module id=\"rev_slider_8_2\" style=\"\" data-version=\"6.7.18\">\n\t\t\t\t\t<rs-slides style=\"overflow: hidden; position: absolute;\">\n\t\t\t\t\t\t<rs-slide style=\"position: absolute;\" data-key=\"rs-15\" data-title=\"Slide\" data-thumb=\"\/\/gavarnie-ensemble.com\/wp-content\/uploads\/2021\/05\/ana03-100x50.jpg\" data-anim=\"adpr:false;\">\n\t\t\t\t\t\t\t<img decoding=\"async\" src=\"\/\/gavarnie-ensemble.com\/wp-content\/plugins\/revslider\/sr6\/assets\/assets\/dummy.png\" alt=\"\" title=\"Ana Mainer Mart\u00edn, fl\u00fbte et arrangements musicaux\" class=\"rev-slidebg tp-rs-img rs-lazyload\" data-lazyload=\"\/\/gavarnie-ensemble.com\/wp-content\/uploads\/2021\/05\/ana03.jpg\" data-no-retina>\n<!---->\t\t\t\t\t<\/rs-slide>\n\t\t\t\t\t\t<rs-slide style=\"position: absolute;\" data-key=\"rs-16\" data-title=\"Slide\" data-thumb=\"\/\/gavarnie-ensemble.com\/wp-content\/uploads\/2022\/10\/A-100x50.jpg\" data-anim=\"adpr:false;\">\n\t\t\t\t\t\t\t<img decoding=\"async\" src=\"\/\/gavarnie-ensemble.com\/wp-content\/plugins\/revslider\/sr6\/assets\/assets\/dummy.png\" alt=\"\" title=\"Ana Mainer Mart\u00edn, fl\u00fbte et arrangements musicaux\" class=\"rev-slidebg tp-rs-img rs-lazyload\" data-lazyload=\"\/\/gavarnie-ensemble.com\/wp-content\/uploads\/2022\/10\/A.jpg\" data-no-retina>\n<!---->\t\t\t\t\t<\/rs-slide>\n\t\t\t\t\t<\/rs-slides>\n\t\t\t\t<\/rs-module>\n\t\t\t\t<script>\n\t\t\t\t\tsetREVStartSize({c: 'rev_slider_8_2',rl:[1240,1024,778,480],el:[],gw:[868],gh:[1240],type:'standard',justify:'',layout:'fullwidth',mh:\"0\"});if (window.RS_MODULES!==undefined && window.RS_MODULES.modules!==undefined && window.RS_MODULES.modules[\"revslider82\"]!==undefined) {window.RS_MODULES.modules[\"revslider82\"].once = false;window.revapi8_2 = undefined;if (window.RS_MODULES.checkMinimal!==undefined) window.RS_MODULES.checkMinimal()}\n\t\t\t\t<\/script>\n\t\t\t<\/rs-module-wrap>\n\t\t\t<!-- END REVOLUTION SLIDER -->\nForm\u00e9e d\u2019abord au Conservatorio Superior de M\u00fasica de Arag\u00f3n (Espagne), Ana est titulaire d\u2019un Master of Arts (MA) of Music \u2013 Fl\u00fbte dans la classe de Carlos Bruneel au Koninklijk Conservatorium Brussel (Belgique). Elle collabore avec plusieurs ensembles et orchestres en France et en Espagne, dont l\u2019Orchestre Divertimento, [&hellip;]<\/p>\n","protected":false},"author":1,"featured_media":0,"parent":0,"menu_order":0,"comment_status":"closed","ping_status":"closed","template":"","meta":{"_et_pb_use_builder":"on","_et_pb_old_content":"","_et_gb_content_width":"","footnotes":""},"class_list":["post-779","page","type-page","status-publish","hentry"],"_links":{"self":[{"href":"https:\/\/gavarnie-ensemble.com\/fr\/wp-json\/wp\/v2\/pages\/779","targetHints":{"allow":["GET"]}}],"collection":[{"href":"https:\/\/gavarnie-ensemble.com\/fr\/wp-json\/wp\/v2\/pages"}],"about":[{"href":"https:\/\/gavarnie-ensemble.com\/fr\/wp-json\/wp\/v2\/types\/page"}],"author":[{"embeddable":true,"href":"https:\/\/gavarnie-ensemble.com\/fr\/wp-json\/wp\/v2\/users\/1"}],"replies":[{"embeddable":true,"href":"https:\/\/gavarnie-ensemble.com\/fr\/wp-json\/wp\/v2\/comments?post=779"}],"version-history":[{"count":192,"href":"https:\/\/gavarnie-ensemble.com\/fr\/wp-json\/wp\/v2\/pages\/779\/revisions"}],"predecessor-version":[{"id":5268,"href":"https:\/\/gavarnie-ensemble.com\/fr\/wp-json\/wp\/v2\/pages\/779\/revisions\/5268"}],"wp:attachment":[{"href":"https:\/\/gavarnie-ensemble.com\/fr\/wp-json\/wp\/v2\/media?parent=779"}],"curies":[{"name":"wp","href":"https:\/\/api.w.org\/{rel}","templated":true}]}}